{"id":10,"date":"2008-11-14T09:20:26","date_gmt":"2008-11-14T08:20:26","guid":{"rendered":"http:\/\/it.blog.bettr.info\/?page_id=10"},"modified":"2024-07-31T21:33:05","modified_gmt":"2024-07-31T20:33:05","slug":"credits","status":"publish","type":"page","link":"http:\/\/it.blog.bettr.info\/index.php\/credits\/","title":{"rendered":"Credits"},"content":{"rendered":"<table border=\"0\" width=\"100%\" cellspacing=\"0\" cellpadding=\"0\">\n<tbody>\n<tr>\n<td colspan=\"2\" valign=\"top\" height=\"10\"><\/td>\n<\/tr>\n<tr>\n<td colspan=\"2\" valign=\"top\" height=\"20\">\n<h3>Responsabile del contenuto<\/h3>\n<\/td>\n<\/tr>\n<tr>\n<td colspan=\"2\" valign=\"top\" height=\"10\"><\/td>\n<\/tr>\n<tr>\n<td valign=\"top\" width=\"200\"><img loading=\"lazy\" decoding=\"async\" class=\"nofloat noborder\" title=\"Safog.com\" src=\"http:\/\/de.blog.bettr.info\/wp-content\/uploads\/safog_logo_imp.gif\" alt=\"Safog.com\" width=\"120\" height=\"52\" \/><\/td>\n<td valign=\"top\"><strong>Safog.com<\/strong><br \/>\nVia S. Albuino 7<br \/>\nI-39042 Bressanone (BZ)<br \/>\nItalia<\/p>\n<p><strong style=\"font-family: inherit; font-size: inherit;\">Tel.:<\/strong><span style=\"font-family: inherit; font-size: inherit;\"> +39 0472 518542<\/span><\/p>\n<table border=\"0\" width=\"100%\" cellspacing=\"0\" cellpadding=\"0\">\n<tbody>\n<tr>\n<td colspan=\"2\" valign=\"top\"><a href=\"https:\/\/www.safog.com\">www.safog.com<\/a><\/td>\n<\/tr>\n<tr>\n<td colspan=\"2\" valign=\"top\"><\/td>\n<\/tr>\n<\/tbody>\n<\/table>\n<\/td>\n<\/tr>\n<tr>\n<td colspan=\"2\" valign=\"top\">\n<h3>Concetto, Web-Design, Programmazione e Hosting<\/h3>\n<\/td>\n<\/tr>\n<tr>\n<td colspan=\"2\" valign=\"top\" height=\"10\"><\/td>\n<\/tr>\n<tr>\n<td valign=\"top\"><img loading=\"lazy\" decoding=\"async\" class=\"nofloat noborder\" title=\"Safog.com\" src=\"http:\/\/de.blog.bettr.info\/wp-content\/uploads\/safog_logo_imp.gif\" alt=\"Safog.com\" width=\"120\" height=\"52\" \/><\/td>\n<td valign=\"top\"><strong>Safog.com<\/strong><br \/>\nVia S. Albuino 7<br \/>\nI-39042 Bressanone (BZ)<br \/>\nItalia<\/p>\n<p><strong style=\"font-family: inherit; font-size: inherit;\">Tel.:<\/strong><span style=\"font-family: inherit; font-size: inherit;\"> +39 0472 518542<\/span><\/p>\n<table border=\"0\" width=\"100%\" cellspacing=\"0\" cellpadding=\"0\">\n<tbody>\n<tr>\n<td colspan=\"2\" valign=\"top\"><a href=\"https:\/\/www.safog.com\">www.safog.com<\/a><\/td>\n<\/tr>\n<tr>\n<td colspan=\"2\" valign=\"top\"><\/td>\n<\/tr>\n<\/tbody>\n<\/table>\n<p><strong>Immagini:<\/strong><\/p>\n<table border=\"0\" width=\"100%\" cellspacing=\"0\" cellpadding=\"0\">\n<tbody>\n<tr>\n<td colspan=\"2\" valign=\"top\"><a href=\"https:\/\/bettr.info\">Bettr.info<\/a><\/td>\n<\/tr>\n<tr>\n<td colspan=\"2\" valign=\"top\"><a href=\"https:\/\/www.safog.com\" target=\"_blank\" rel=\"noopener\">Safog.com<\/a><\/td>\n<\/tr>\n<\/tbody>\n<\/table>\n<\/td>\n<\/tr>\n<tr>\n<td style=\"padding-top: 10px;\" colspan=\"2\" valign=\"top\"><\/td>\n<\/tr>\n<tr>\n<td valign=\"top\" width=\"200\"><img loading=\"lazy\" decoding=\"async\" class=\"nofloat noborder\" title=\"WordPress\" src=\"http:\/\/de.blog.bettr.info\/wp-content\/uploads\/wp_logo_imp.gif\" alt=\"WordPress\" width=\"120\" height=\"27\" \/><\/td>\n<td valign=\"top\"><strong>Powered by WordPress<\/strong><\/p>\n<table border=\"0\" width=\"100%\" cellspacing=\"0\" cellpadding=\"0\">\n<tbody>\n<tr>\n<td colspan=\"2\" valign=\"top\"><a href=\"http:\/\/www.wordpress.org\">www.wordpress.org<\/a><\/td>\n<\/tr>\n<\/tbody>\n<\/table>\n<\/td>\n<\/tr>\n<tr>\n<td colspan=\"2\" valign=\"top\">\n<div>\n<h3>Nota di responsabilit\u00e0<\/h3>\n<\/div>\n<p>Nonostante siano stati effettuati accurati controlli sul contenuto dei siti esterni qui linkati, i gestori di questo sito non rispondono in alcun modo degli stessi. Per il contenuto dei suddetti siti sono responsabili esclusivamente i loro gestori.<\/p>\n<p>Quantunque i contenuti di questo progetto web siano stati accuratamente verificati ed eseguiti in scienza e coscienza, non viene vantata alcuna pretesa concernente la loro completezza, attualit\u00e1 o correttezza. Non pu\u00f3 pertanto essere assunta alcuna responsabilit\u00e1 per danni derivanti dall&#8217;utilizzo del presente sito o dall&#8217;essersi basati sui suoi contenuti.<\/p>\n<div>\n<h3>Privacy<\/h3>\n<\/div>\n<p>I Suoi dati personali verranno trattati ai sensi dell art. 13 del Codice privacy (D.lgs. 196\/03).<\/p>\n<p>La informiamo che i dati acquisiti informaticamente verranno utilizzati esclusivamente per la trattazione della richiesta effettuata dal cliente e per fornire un servizio concernente offerte commerciali o promozionali ed informazioni di carattere generale.<\/p>\n<p>Ai sensi dell&#8217;art. 7 del predetto decreto Le forniremo gratuitamente infomazioni riguardanti i Suoi dati personali memorizzati e potr\u00e0 eventualmente chiederne la modifica, l&#8217;integrazione o la cancellazione degli stessi. In tal caso La preghiamo di rivolgersi al responsabile del trattamento dei dati all&#8217;indirizzo email oppure al seguente indirizzo postale:<\/p>\n<p>Dott. Klaus Delueg<br \/>\nVia S. Albuino 7<br \/>\nI-39042 Bressanone (BZ)<br \/>\nItalia<\/p>\n<div>\n<h3>Google Analytics<\/h3>\n<\/div>\n<p>Questo sito web utilizza Google Analytics, un servizio di analisi web fornito da Google, Inc. (&#8222;Google&#8220;). Google Analytics utilizza dei &#8222;cookies&#8220;, che sono file di testo che vengono depositati sul Vostro computer per consentire al sito web di analizzare come gli utenti utilizzano il sito. Le informazioni generate dal cookie sull&#8217;utilizzo del sito web da parte Vostra (compreso il Vostro indirizzo IP) verranno trasmesse a, e depositate presso i server di Google negli Stati Uniti. Google utilizzer\u00e0 queste informazioni allo scopo di tracciare e esaminare il Vostro utilizzo del sito web, compilare report sulle attivit\u00e0 del sito web per gli operatori del sito web e fornire altri servizi relativi alle attivit\u00e0 del sito web e all&#8217;utilizzo di Internet. Google pu\u00f2 anche trasferire queste informazioni a terzi ove ci\u00f2 sia imposto dalla legge o laddove tali terzi trattino le suddette informazioni per conto di Google. Google non assocer\u00e0 il vostro indirizzo IP a nessun altro dato posseduto da Google. Potete rifiutarvi di usare i cookies selezionando l&#8217;impostazione appropriata sul vostro browser, ma ci\u00f2 potrebbe impedirvi di utilizzare tutte le funzionalit\u00e0 di questo sito web. Utilizzando il presente sito web, voi acconsentite al trattamento dei Vostri dati da parte di Google per le modalit\u00e0 e i fini sopraindicati.<\/p>\n<div>\n<h3>Copyright<\/h3>\n<\/div>\n<p>I testi, le immagini, gli scripts ed ogni altro contenuto del presente sito sono coperti dai diritti d&#8217;autore. Pertanto senza la preventiva autorizzazione gli stessi non potranno essere riprodotti, divulgati o salvati n\u00e8 integralmente, n\u00e8 parzialmente.<\/p>\n<p>I contenuti del sito vengono messi a disposizione da Safog.com per l&#8217;espletamento dell&#8217;attivit\u00e1 aziendale senza alcun vincolo giuridico. Safog.com si riserva pertanto il diritto di modificare o cancellare ogni contenuto del sito senza preavviso.<\/p>\n<p>Ogni marchio di fabbrica o ragione sociale utilizzati soggiacciono al Copyright dei rispettivi proprietari, sono cio\u00e9 sotto l&#8217;egida del marchio di fabbrica e dei brevetti.<\/p>\n<p>\u00a9 Safog.com 2007-2008. Tutti i diritti riservati.<\/td>\n<\/tr>\n<\/tbody>\n<\/table>\n","protected":false},"excerpt":{"rendered":"<p>Responsabile del contenuto Safog.com Via S. Albuino 7 I-39042 Bressanone (BZ) Italia Tel.: +39 0472 518542 www.safog.com Concetto, Web-Design, Programmazione e Hosting Safog.com Via S. Albuino 7 I-39042 Bressanone (BZ) Italia Tel.: +39 0472 518542 www.safog.com Immagini: Bettr.info Safog.com Powered by WordPress www.wordpress.org Nota di responsabilit\u00e0 Nonostante siano stati effettuati accurati controlli sul contenuto dei [&hellip;]<\/p>\n","protected":false},"author":2,"featured_media":0,"parent":0,"menu_order":0,"comment_status":"open","ping_status":"open","template":"","meta":{"footnotes":""},"class_list":["post-10","page","type-page","status-publish","hentry"],"_links":{"self":[{"href":"http:\/\/it.blog.bettr.info\/index.php\/wp-json\/wp\/v2\/pages\/10","targetHints":{"allow":["GET"]}}],"collection":[{"href":"http:\/\/it.blog.bettr.info\/index.php\/wp-json\/wp\/v2\/pages"}],"about":[{"href":"http:\/\/it.blog.bettr.info\/index.php\/wp-json\/wp\/v2\/types\/page"}],"author":[{"embeddable":true,"href":"http:\/\/it.blog.bettr.info\/index.php\/wp-json\/wp\/v2\/users\/2"}],"replies":[{"embeddable":true,"href":"http:\/\/it.blog.bettr.info\/index.php\/wp-json\/wp\/v2\/comments?post=10"}],"version-history":[{"count":12,"href":"http:\/\/it.blog.bettr.info\/index.php\/wp-json\/wp\/v2\/pages\/10\/revisions"}],"predecessor-version":[{"id":1746,"href":"http:\/\/it.blog.bettr.info\/index.php\/wp-json\/wp\/v2\/pages\/10\/revisions\/1746"}],"wp:attachment":[{"href":"http:\/\/it.blog.bettr.info\/index.php\/wp-json\/wp\/v2\/media?parent=10"}],"curies":[{"name":"wp","href":"https:\/\/api.w.org\/{rel}","templated":true}]}}